{"id":18644,"date":"2022-02-03T10:00:54","date_gmt":"2022-02-03T10:00:54","guid":{"rendered":"https:\/\/menezes.unielo.com.br.ancorathemes.com\/?page_id=18644"},"modified":"2025-07-16T17:02:51","modified_gmt":"2025-07-16T17:02:51","slug":"privacy-policy","status":"publish","type":"page","link":"https:\/\/menezes.unielo.com.br\/en\/privacy-policy\/","title":{"rendered":"Pol\u00edtica de Privacidade"},"content":{"rendered":"<div data-elementor-type=\"wp-page\" data-elementor-id=\"18644\" class=\"elementor elementor-18644\" data-elementor-post-type=\"page\">\n\t\t\t\t\t\t<section class=\"elementor-section elementor-top-section elementor-element elementor-element-0627c7e elementor-section-boxed elementor-section-height-default elementor-section-height-default sc_fly_static\" data-id=\"0627c7e\" data-element_type=\"section\" data-e-type=\"section\">\n\t\t\t\t\t\t<div class=\"elementor-container elementor-column-gap-extended\">\n\t\t\t\t\t<div class=\"elementor-column elementor-col-100 elementor-top-column elementor-element elementor-element-80e7c66 sc_content_align_inherit sc_layouts_column_icons_position_left sc_fly_static\" data-id=\"80e7c66\" data-element_type=\"column\" data-e-type=\"column\">\n\t\t\t<div class=\"elementor-widget-wrap elementor-element-populated\">\n\t\t\t\t\t\t<section class=\"elementor-section elementor-inner-section elementor-element elementor-element-4d0e074 elementor-section-boxed elementor-section-height-default elementor-section-height-default sc_fly_static\" data-id=\"4d0e074\" data-element_type=\"section\" data-e-type=\"section\">\n\t\t\t\t\t\t<div class=\"elementor-container elementor-column-gap-no\">\n\t\t\t\t\t<div class=\"elementor-column elementor-col-100 elementor-inner-column elementor-element elementor-element-fd06f5c sc_content_align_inherit sc_layouts_column_icons_position_left sc_fly_static\" data-id=\"fd06f5c\" data-element_type=\"column\" data-e-type=\"column\">\n\t\t\t<div class=\"elementor-widget-wrap elementor-element-populated\">\n\t\t\t\t\t\t<div class=\"elementor-element elementor-element-61b625a sc_height_medium sc_fly_static elementor-widget elementor-widget-spacer\" data-id=\"61b625a\" data-element_type=\"widget\" data-e-type=\"widget\" data-widget_type=\"spacer.default\">\n\t\t\t\t<div class=\"elementor-widget-container\">\n\t\t\t\t\t\t\t<div class=\"elementor-spacer\">\n\t\t\t<div class=\"elementor-spacer-inner\"><\/div>\n\t\t<\/div>\n\t\t\t\t\t\t<\/div>\n\t\t\t\t<\/div>\n\t\t\t\t\t<\/div>\n\t\t<\/div>\n\t\t\t\t\t<\/div>\n\t\t<\/section>\n\t\t\t\t\t<\/div>\n\t\t<\/div>\n\t\t\t\t\t<\/div>\n\t\t<\/section>\n\t\t\t\t<section class=\"elementor-section elementor-top-section elementor-element elementor-element-6029e446 elementor-section-boxed elementor-section-height-default elementor-section-height-default sc_fly_static\" data-id=\"6029e446\" data-element_type=\"section\" data-e-type=\"section\" data-settings=\"{&quot;background_background&quot;:&quot;classic&quot;}\">\n\t\t\t\t\t\t<div class=\"elementor-container elementor-column-gap-extended\">\n\t\t\t\t\t<div class=\"elementor-column elementor-col-100 elementor-top-column elementor-element elementor-element-4e116f82 sc_content_align_inherit sc_layouts_column_icons_position_left sc_fly_static\" data-id=\"4e116f82\" data-element_type=\"column\" data-e-type=\"column\">\n\t\t\t<div class=\"elementor-widget-wrap elementor-element-populated\">\n\t\t\t\t\t\t<div class=\"elementor-element elementor-element-15a651f6 sc_fly_static elementor-widget elementor-widget-text-editor\" data-id=\"15a651f6\" data-element_type=\"widget\" data-e-type=\"widget\" data-widget_type=\"text-editor.default\">\n\t\t\t\t<div class=\"elementor-widget-container\">\n\t\t\t\t\t\t\t\t\t<div>N\u00f3s, da\u00a0<strong>Andressa Menezes Belizarro<\/strong>\u00a0nome fantasia\u00a0<strong>Menezes Logistics<\/strong>, inscritos no CNPJ 44.355.788\/0001-24, estamos comprometidos em resguardar sua privacidade. O intuito deste documento \u00e9 esclarecer quais informa\u00e7\u00f5es s\u00e3o coletadas dos usu\u00e1rios de nosso site (<a href=\"https:\/\/www.menezeslogistics.com.br\/\" target=\"_blank\" rel=\"noopener noreferrer\">https:\/\/www.menezeslogistics.com.br<\/a>) e de que forma esses dados s\u00e3o manipulados e utilizados de acordo com a Lei Geral de Prote\u00e7\u00e3o de Dados \u2013 LGPD (lei n. 13.709\/2018).<\/div><div>Atuamos como Operadora (art. 5\u00ba, inciso VII, da LGPD) e promovemos o tratamento de dados pessoais por conta e ordem do Controlador (art. 5\u00ba, inciso VI, da LGPD), quando necess\u00e1rio para a execu\u00e7\u00e3o de contrato (art. 7\u00ba, inciso V, da LGPD).<\/div><div>Para oferecer nosso portf\u00f3lio de servi\u00e7os, a\u00a0<strong>Andressa Menezes Belizarro<\/strong>\u00a0nome fantasia\u00a0<strong>Menezes Logistics<\/strong>\u00a0por meio de seu site, do equipamento instalado ou em utiliza\u00e7\u00e3o e dos dispositivos sincronizados com ele, coleta diversos dados e informa\u00e7\u00f5es, visando, sobretudo, proporcionar uma experi\u00eancia cada vez melhor para voc\u00ea. Por isso, nossa Pol\u00edtica de Privacidade tem como objetivo detalhar como as suas informa\u00e7\u00f5es e dados ser\u00e3o coletados, usados, compartilhados e armazenados por meio do nosso site e dos nossos respectivos servi\u00e7os.<\/div><div>Este documento foi redigido de forma simples para que todas as informa\u00e7\u00f5es contidas aqui sejam de f\u00e1cil compreens\u00e3o e, assim, voc\u00ea entenda como utilizamos os seus dados.<\/div><div>A aceita\u00e7\u00e3o da nossa Pol\u00edtica de Privacidade ser\u00e1 feita quando voc\u00ea navega pelo nosso site para usufruir dos nossos servi\u00e7os, mesmo que de forma gratuita. Isso indicar\u00e1 que voc\u00ea est\u00e1 ciente e em total acordo com a forma como utilizaremos as suas informa\u00e7\u00f5es e seus dados.<\/div><div>Caso n\u00e3o concorde com esta Pol\u00edtica de Privacidade, por favor, n\u00e3o continue a navegar e n\u00e3o use os nossos servi\u00e7os. Todavia, solicitamos que nos informe os pontos de discord\u00e2ncia para que possamos realizar melhorias.<\/div><div>A presente Pol\u00edtica de Privacidade est\u00e1 dividida da seguinte forma para facilitar a sua compreens\u00e3o:<\/div><div>\u00a0<\/div><ul><li>Sobre a coleta de dados;<\/li><li>Sobre o uso de seus dados pessoais;<\/li><li>Sobre o acesso aos seus dados pessoais;<\/li><li>Sobre o compartilhamento de dados;<\/li><li>Sobre o uso de informa\u00e7\u00f5es fornecidas a nossos clientes;<\/li><li>Sobre o cancelamento da assinatura e altera\u00e7\u00e3o\/exclus\u00e3o de informa\u00e7\u00f5es pessoais;<\/li><li>Mudan\u00e7as na Pol\u00edtica de Privacidade;<\/li><li>Lei Aplic\u00e1vel.<\/li><\/ul><div>\u00a0<\/div><div>Qualquer d\u00favida em rela\u00e7\u00e3o \u00e0 nossa Pol\u00edtica de Privacidade pode ser esclarecida entrando em contato conosco.<\/div><div>Envie um e-mail para\u00a0<a href=\"http:\/\/mailto:elvis@menezeslogistics.com.br\/\" target=\"_blank\" rel=\"noopener noreferrer\">elvis@menezeslogistics.com.br<\/a>.<\/div><div>Estamos localizados na Pra\u00e7a Visconde de Mau\u00e1, 29, cj. 221, Centro, Santos\/SP, CEP 11010-000 \u2013 Brasil.<\/div><div>\u00a0<\/div><div>\u00a0<\/div><div><strong>1. Sobre a Coleta de Dados<\/strong><\/div><div>\u00a0<\/div><div>Informa\u00e7\u00f5es fornecidas por voc\u00ea \u2013 Coletamos informa\u00e7\u00f5es de identifica\u00e7\u00e3o pessoal \u2013 como nome, telefone e e-mail \u2013 via preenchimento dos formul\u00e1rios para enviar contato ou receber o resultado de um teste. Eventualmente, a solicita\u00e7\u00e3o de algumas informa\u00e7\u00f5es pode ser feita por meio de contato direto da\u00a0<strong>Andressa Menezes Belizarro<\/strong>\u00a0nome fantasia\u00a0<strong>Menezes Logistics<\/strong>\u00a0com os usu\u00e1rios via e-mail ou telefone.<\/div><div>Informa\u00e7\u00f5es de navega\u00e7\u00e3o no site \u2013 Quando voc\u00ea visita nosso site, \u00e9 inserido um \u2018cookie\u2019 no seu navegador por meio do software Google Analytics para identificar quantas vezes voc\u00ea retorna ao nosso endere\u00e7o eletr\u00f4nico. S\u00e3o coletadas informa\u00e7\u00f5es como endere\u00e7o IP, localiza\u00e7\u00e3o geogr\u00e1fica, fonte de refer\u00eancia, tipo de navegador, dura\u00e7\u00e3o da visita e p\u00e1ginas visitadas.<\/div><div>Hist\u00f3rico de contato \u2013 Aqui na\u00a0<strong>Andressa Menezes Belizarro<\/strong>\u00a0nome fantasia\u00a0<strong>Menezes Logistics<\/strong>\u00a0armazenamos informa\u00e7\u00f5es a respeito de todos os contatos j\u00e1 realizados com nossos usu\u00e1rios e intera\u00e7\u00f5es via e-mail e WhatsApp.<\/div><div>\u00a0<\/div><div>\u00a0<\/div><div><strong>2. Sobre o Uso de Seus Dados Pessoais<\/strong><\/div><div>\u00a0<\/div><div>Todos os dados que coletamos s\u00e3o utilizados para a presta\u00e7\u00e3o de nossos servi\u00e7os, e n\u00e3o custa lembrar: prezamos muito pela sua privacidade. Por isso, todos os dados e informa\u00e7\u00f5es sobre voc\u00ea s\u00e3o tratados como confidenciais, e somente os usaremos para os fins aqui descritos e autorizados por voc\u00ea, principalmente para que voc\u00ea possa utilizar nossos servi\u00e7os de forma plena, visando sempre melhorar a sua experi\u00eancia como usu\u00e1rio. Desta forma, poderemos personalizar o servi\u00e7o para adequ\u00e1-lo cada vez mais aos seus gostos e interesses. Ademais, seus dados tamb\u00e9m podem ser utilizados para criarmos servi\u00e7os e funcionalidades.<\/div><div>Eventualmente, poderemos utilizar dados para finalidades n\u00e3o previstas nesta Pol\u00edtica de Privacidade, mas elas estar\u00e3o dentro das suas leg\u00edtimas expectativas. O eventual uso dos seus dados para finalidades que n\u00e3o cumpram com essa prerrogativa ser\u00e1 feito mediante sua autoriza\u00e7\u00e3o pr\u00e9via.<\/div><div>Al\u00e9m do acima, utilizaremos seus dados para as seguintes finalidades:<\/div><div>\u00a0<\/div><ul><li>Seu e-mail \u00e9 utilizado para a opera\u00e7\u00e3o de envio do material ou informativo\/informa\u00e7\u00e3o por voc\u00ea requisitado no preenchimento do formul\u00e1rio. Tamb\u00e9m pode ser usado para envio de Newsletters, sempre relacionadas ao tema do nosso site. O e-mail ser\u00e1 aproveitado, ainda, para comunicar o lan\u00e7amento de novos materiais gratuitos ou de novos servi\u00e7os da\u00a0<strong>Andressa Menezes Belizarro<\/strong>\u00a0nome fantasia\u00a0<strong>Menezes Logistics\u00a0<\/strong>e parceiros. No entanto, o usu\u00e1rio tem a possibilidade de cancelar a assinatura a qualquer momento;<\/li><li>Os dados de download poder\u00e3o ser divulgados como pesquisas e estat\u00edsticas, n\u00e3o sendo reveladas abertamente nenhuma informa\u00e7\u00e3o pessoal, a menos que autorizada explicitamente;<\/li><li>Funcion\u00e1rios da\u00a0<strong>Andressa Menezes Belizarro<\/strong>\u00a0nome fantasia\u00a0<strong>Menezes Logistics\u00a0<\/strong>poder\u00e3o eventualmente entrar em contato via e-mail ou telefone para fazer pesquisas ou apresentar produtos e servi\u00e7os;<\/li><li>Comunicar-nos com voc\u00ea sobre produtos, servi\u00e7os, promo\u00e7\u00f5es, not\u00edcias, atualiza\u00e7\u00f5es, eventos e outros assuntos de seu interesse;<\/li><li>Realizar publicidade direcionada conforme seus gostos, interesses e outras informa\u00e7\u00f5es coletadas;<\/li><li>Personalizar o servi\u00e7o para adequ\u00e1-lo cada vez mais aos seus gostos e interesses;<\/li><li>Para qualquer fim que voc\u00ea autorizar no momento da coleta de dados;<\/li><li>Cumprir obriga\u00e7\u00f5es legais.<\/li><\/ul><div>\u00a0<\/div><div>\u00a0<\/div><div><strong>3. Sobre o Acesso aos Seus Dados Pessoais<\/strong><\/div><div>\u00a0<\/div><div>Poder\u00e3o ver suas informa\u00e7\u00f5es pessoais apenas funcion\u00e1rios da\u00a0<strong>Andressa Menezes Belizarro<\/strong>\u00a0nome fantasia\u00a0<strong>Menezes Logistics<\/strong>, e dentre estes, somente as pessoas com as devidas autoriza\u00e7\u00f5es. Eventualmente, caso a inser\u00e7\u00e3o de suas informa\u00e7\u00f5es se d\u00ea em a\u00e7\u00f5es criadas em parcerias, os parceiros explicitamente identificados tamb\u00e9m ter\u00e3o acesso \u00e0 informa\u00e7\u00e3o. Nenhum dado pessoal poder\u00e1 ser divulgado publicamente.<\/div><div>Todos os seus dados s\u00e3o confidenciais e qualquer usos destes estar\u00e1 de acordo com a presente Pol\u00edtica de Privacidade. A\u00a0<strong>Andressa Menezes Belizarro<\/strong>\u00a0nome fantasia\u00a0<strong>Menezes Logistics<\/strong>\u00a0empreender\u00e1 todos os esfor\u00e7os razo\u00e1veis de mercado para garantir a seguran\u00e7a dos nossos sistemas e dos seus dados.<\/div><div>Todas as suas informa\u00e7\u00f5es ser\u00e3o, sempre que poss\u00edvel, criptografadas, caso n\u00e3o inviabilizem o seu uso pela\u00a0<strong>Andressa Menezes Belizarro<\/strong>\u00a0nome fantasia\u00a0<strong>Menezes Logistics<\/strong>.<strong>\u00a0<\/strong>A qualquer momento voc\u00ea poder\u00e1 requisitar c\u00f3pia dos seus dados armazenados em nossos sistemas. Manteremos os dados e informa\u00e7\u00f5es somente at\u00e9 quando forem necess\u00e1rios ou relevantes para as finalidades descritas nesta Pol\u00edtica de Privacidade, ou em caso de per\u00edodos pr\u00e9-determinados por lei, ou at\u00e9 quando forem necess\u00e1rios para a manuten\u00e7\u00e3o de interesses leg\u00edtimos da\u00a0<strong>Andressa Menezes Belizarro<\/strong>\u00a0nome fantasia\u00a0<strong>Menezes Logistics<\/strong>.<\/div><div>\u00a0<\/div><div>\u00a0<\/div><div><strong>4. Sobre o Compartilhamento de Dados<\/strong><\/div><div>\u00a0<\/div><div>Ao clicar nos bot\u00f5es de compartilhamento de conte\u00fado nas redes sociais dispon\u00edveis em nossas p\u00e1ginas, o usu\u00e1rio publicar\u00e1 o conte\u00fado por meio de seu perfil na rede selecionada.\u00a0<strong>Andressa Menezes Belizarro<\/strong>\u00a0nome fantasia\u00a0<strong>Menezes Logistics\u00a0<\/strong>n\u00e3o tem acesso ao login e senha dos usu\u00e1rios nessas redes, nem publicar\u00e1 conte\u00fado em nome do usu\u00e1rio sem que ele realize esta a\u00e7\u00e3o.<\/div><div>Todos os dados, informa\u00e7\u00f5es e conte\u00fados sobre voc\u00ea podem ser considerados ativos no caso de negocia\u00e7\u00f5es em que a\u00a0<strong>Andressa Menezes Belizarro<\/strong>\u00a0nome fantasia\u00a0<strong>Menezes Logistics<\/strong>\u00a0fizer parte. Portanto, nos reservamos no direito de incluir seus dados dentre os ativos da empresa caso esta venha a ser vendida, adquirida ou fundida com outra. Por meio desta Pol\u00edtica voc\u00ea concorda e est\u00e1 ciente desta possibilidade.<\/div><div>\u00a0<\/div><div>A\u00a0<strong>Andressa Menezes Belizarro<\/strong>\u00a0nome fantasia\u00a0<strong>Menezes Logistics<\/strong>\u00a0se reserva no direito de fornecer seus dados e informa\u00e7\u00f5es sobre voc\u00ea, incluindo intera\u00e7\u00f5es suas, caso seja requisitado judicialmente para tanto, ato necess\u00e1rio para que a empresa esteja em conformidade com as leis nacionais, ou caso voc\u00ea autorize expressamente.<\/div><div>\u00a0<\/div><div>\u00a0<\/div><div><strong>5. Sobre a Altera\u00e7\u00e3o ou Exclus\u00e3o de Informa\u00e7\u00f5es Pessoais<\/strong><\/div><div>\u00a0<\/div><div>Todos os dados coletados ser\u00e3o exclu\u00eddos de nossos servidores quando voc\u00ea assim requisitar ou quando estes n\u00e3o forem mais necess\u00e1rios ou relevantes para lhe oferecermos os nossos servi\u00e7os, salvo se houver qualquer outra raz\u00e3o para a sua manuten\u00e7\u00e3o, como eventual obriga\u00e7\u00e3o legal de reten\u00e7\u00e3o de dados ou necessidade de preserva\u00e7\u00e3o destes para resguardo de direitos da\u00a0<strong>Andressa Menezes Belizarro<\/strong>\u00a0nome fantasia\u00a0<strong>Menezes Logistics<\/strong>.\u00a0Para alterar suas informa\u00e7\u00f5es pessoais ou exclu\u00ed-las do nosso banco de dados, basta enviar um e-mail para\u00a0<a href=\"http:\/\/mailto:elvis@menezeslogistics.com.br\/\" target=\"_blank\" rel=\"noopener noreferrer\">elvis@menezeslogistics.com.br<\/a>.<\/div><div>\u00a0<\/div><div>\u00a0<\/div><div><strong>6. Mudan\u00e7as na Pol\u00edtica de Privacidade<\/strong><\/div><div>\u00a0<\/div><div>Essa Pol\u00edtica de Privacidade pode passar por atualiza\u00e7\u00f5es. Desta forma, recomendamos visitar periodicamente esta p\u00e1gina para que voc\u00ea tenha conhecimento sobre as modifica\u00e7\u00f5es. Caso sejam feitas altera\u00e7\u00f5es relevantes que ensejem novas autoriza\u00e7\u00f5es suas, publicaremos uma nova pol\u00edtica de privacidade.<\/div><div>Antes de usar informa\u00e7\u00f5es para outros fins que n\u00e3o os definidos nesta Pol\u00edtica de Privacidade, solicitaremos sua autoriza\u00e7\u00e3o.<\/div><div>\u00a0<\/div><div>\u00a0<\/div><div><strong>7. Lei Aplic\u00e1vel<\/strong><\/div><div>\u00a0<\/div><div>Este documento \u00e9 regido e deve ser interpretado de acordo com as leis da Rep\u00fablica Federativa do Brasil. Fica eleito o Foro da Comarca da cidade de Santos \u2013 SP, como o competente para dirimir quaisquer quest\u00f5es porventura oriundas do presente documento, com expressa ren\u00fancia a qualquer outro, por mais privilegiado que seja.<\/div><div>\u00a0<\/div>\t\t\t\t\t\t\t\t<\/div>\n\t\t\t\t<\/div>\n\t\t\t\t\t<\/div>\n\t\t<\/div>\n\t\t\t\t\t<\/div>\n\t\t<\/section>\n\t\t\t\t<section class=\"elementor-section elementor-top-section elementor-element elementor-element-aab0192 elementor-section-boxed elementor-section-height-default elementor-section-height-default sc_fly_static\" data-id=\"aab0192\" data-element_type=\"section\" data-e-type=\"section\">\n\t\t\t\t\t\t<div class=\"elementor-container elementor-column-gap-extended\">\n\t\t\t\t\t<div class=\"elementor-column elementor-col-100 elementor-top-column elementor-element elementor-element-b38ea32 sc_content_align_inherit sc_layouts_column_icons_position_left sc_fly_static\" data-id=\"b38ea32\" data-element_type=\"column\" data-e-type=\"column\">\n\t\t\t<div class=\"elementor-widget-wrap elementor-element-populated\">\n\t\t\t\t\t\t<section class=\"elementor-section elementor-inner-section elementor-element elementor-element-7f661ec elementor-section-boxed elementor-section-height-default elementor-section-height-default sc_fly_static\" data-id=\"7f661ec\" data-element_type=\"section\" data-e-type=\"section\">\n\t\t\t\t\t\t<div class=\"elementor-container elementor-column-gap-no\">\n\t\t\t\t\t<div class=\"elementor-column elementor-col-100 elementor-inner-column elementor-element elementor-element-7e4b736 sc_content_align_inherit sc_layouts_column_icons_position_left sc_fly_static\" data-id=\"7e4b736\" data-element_type=\"column\" data-e-type=\"column\">\n\t\t\t<div class=\"elementor-widget-wrap elementor-element-populated\">\n\t\t\t\t\t\t<div class=\"elementor-element elementor-element-f4c58be sc_height_medium sc_fly_static elementor-widget elementor-widget-spacer\" data-id=\"f4c58be\" data-element_type=\"widget\" data-e-type=\"widget\" data-widget_type=\"spacer.default\">\n\t\t\t\t<div class=\"elementor-widget-container\">\n\t\t\t\t\t\t\t<div class=\"elementor-spacer\">\n\t\t\t<div class=\"elementor-spacer-inner\"><\/div>\n\t\t<\/div>\n\t\t\t\t\t\t<\/div>\n\t\t\t\t<\/div>\n\t\t\t\t<div class=\"elementor-element elementor-element-df4e238 sc_height_medium sc_fly_static elementor-widget elementor-widget-spacer\" data-id=\"df4e238\" data-element_type=\"widget\" data-e-type=\"widget\" data-widget_type=\"spacer.default\">\n\t\t\t\t<div class=\"elementor-widget-container\">\n\t\t\t\t\t\t\t<div class=\"elementor-spacer\">\n\t\t\t<div class=\"elementor-spacer-inner\"><\/div>\n\t\t<\/div>\n\t\t\t\t\t\t<\/div>\n\t\t\t\t<\/div>\n\t\t\t\t\t<\/div>\n\t\t<\/div>\n\t\t\t\t\t<\/div>\n\t\t<\/section>\n\t\t\t\t\t<\/div>\n\t\t<\/div>\n\t\t\t\t\t<\/div>\n\t\t<\/section>\n\t\t\t\t<\/div>","protected":false},"excerpt":{"rendered":"<p>N\u00f3s, da\u00a0Andressa Menezes Belizarro\u00a0nome fantasia\u00a0Menezes Logistics, inscritos no CNPJ 44.355.788\/0001-24, estamos comprometidos em resguardar sua privacidade. O intuito deste documento \u00e9 esclarecer quais informa\u00e7\u00f5es s\u00e3o coletadas dos usu\u00e1rios de nosso&hellip;<\/p>","protected":false},"author":1,"featured_media":0,"parent":0,"menu_order":0,"comment_status":"closed","ping_status":"closed","template":"","meta":{"footnotes":""},"class_list":["post-18644","page","type-page","status-publish","hentry"],"_links":{"self":[{"href":"https:\/\/menezes.unielo.com.br\/en\/wp-json\/wp\/v2\/pages\/18644","targetHints":{"allow":["GET"]}}],"collection":[{"href":"https:\/\/menezes.unielo.com.br\/en\/wp-json\/wp\/v2\/pages"}],"about":[{"href":"https:\/\/menezes.unielo.com.br\/en\/wp-json\/wp\/v2\/types\/page"}],"author":[{"embeddable":true,"href":"https:\/\/menezes.unielo.com.br\/en\/wp-json\/wp\/v2\/users\/1"}],"replies":[{"embeddable":true,"href":"https:\/\/menezes.unielo.com.br\/en\/wp-json\/wp\/v2\/comments?post=18644"}],"version-history":[{"count":36,"href":"https:\/\/menezes.unielo.com.br\/en\/wp-json\/wp\/v2\/pages\/18644\/revisions"}],"predecessor-version":[{"id":20900,"href":"https:\/\/menezes.unielo.com.br\/en\/wp-json\/wp\/v2\/pages\/18644\/revisions\/20900"}],"wp:attachment":[{"href":"https:\/\/menezes.unielo.com.br\/en\/wp-json\/wp\/v2\/media?parent=18644"}],"curies":[{"name":"wp","href":"https:\/\/api.w.org\/{rel}","templated":true}]}}