{"id":20332,"date":"2025-03-14T18:04:51","date_gmt":"2025-03-14T18:04:51","guid":{"rendered":"https:\/\/menezes.unielo.com.br\/?page_id=20332"},"modified":"2025-07-16T17:02:57","modified_gmt":"2025-07-16T17:02:57","slug":"politica-de-cookies","status":"publish","type":"page","link":"https:\/\/menezes.unielo.com.br\/en\/politica-de-cookies\/","title":{"rendered":"Pol\u00edtica de Cookies"},"content":{"rendered":"<div data-elementor-type=\"wp-page\" data-elementor-id=\"20332\" class=\"elementor elementor-20332\" data-elementor-post-type=\"page\">\n\t\t\t\t\t\t<section class=\"elementor-section elementor-top-section elementor-element elementor-element-4612377 elementor-section-boxed elementor-section-height-default elementor-section-height-default sc_fly_static\" data-id=\"4612377\" data-element_type=\"section\" data-e-type=\"section\">\n\t\t\t\t\t\t<div class=\"elementor-container elementor-column-gap-extended\">\n\t\t\t\t\t<div class=\"elementor-column elementor-col-100 elementor-top-column elementor-element elementor-element-7e46d9d sc_content_align_inherit sc_layouts_column_icons_position_left sc_fly_static\" data-id=\"7e46d9d\" data-element_type=\"column\" data-e-type=\"column\">\n\t\t\t<div class=\"elementor-widget-wrap elementor-element-populated\">\n\t\t\t\t\t\t<section class=\"elementor-section elementor-inner-section elementor-element elementor-element-0c7a586 elementor-section-boxed elementor-section-height-default elementor-section-height-default sc_fly_static\" data-id=\"0c7a586\" data-element_type=\"section\" data-e-type=\"section\">\n\t\t\t\t\t\t<div class=\"elementor-container elementor-column-gap-no\">\n\t\t\t\t\t<div class=\"elementor-column elementor-col-100 elementor-inner-column elementor-element elementor-element-ae6f49b sc_content_align_inherit sc_layouts_column_icons_position_left sc_fly_static\" data-id=\"ae6f49b\" data-element_type=\"column\" data-e-type=\"column\">\n\t\t\t<div class=\"elementor-widget-wrap elementor-element-populated\">\n\t\t\t\t\t\t<div class=\"elementor-element elementor-element-8b264e5 sc_height_medium sc_fly_static elementor-widget elementor-widget-spacer\" data-id=\"8b264e5\" data-element_type=\"widget\" data-e-type=\"widget\" data-widget_type=\"spacer.default\">\n\t\t\t\t<div class=\"elementor-widget-container\">\n\t\t\t\t\t\t\t<div class=\"elementor-spacer\">\n\t\t\t<div class=\"elementor-spacer-inner\"><\/div>\n\t\t<\/div>\n\t\t\t\t\t\t<\/div>\n\t\t\t\t<\/div>\n\t\t\t\t\t<\/div>\n\t\t<\/div>\n\t\t\t\t\t<\/div>\n\t\t<\/section>\n\t\t\t\t\t<\/div>\n\t\t<\/div>\n\t\t\t\t\t<\/div>\n\t\t<\/section>\n\t\t\t\t<section class=\"elementor-section elementor-top-section elementor-element elementor-element-5629cc7 elementor-section-boxed elementor-section-height-default elementor-section-height-default sc_fly_static\" data-id=\"5629cc7\" data-element_type=\"section\" data-e-type=\"section\" data-settings=\"{&quot;background_background&quot;:&quot;classic&quot;}\">\n\t\t\t\t\t\t<div class=\"elementor-container elementor-column-gap-extended\">\n\t\t\t\t\t<div class=\"elementor-column elementor-col-100 elementor-top-column elementor-element elementor-element-5e6f181 sc_content_align_inherit sc_layouts_column_icons_position_left sc_fly_static\" data-id=\"5e6f181\" data-element_type=\"column\" data-e-type=\"column\">\n\t\t\t<div class=\"elementor-widget-wrap elementor-element-populated\">\n\t\t\t\t\t\t<div class=\"elementor-element elementor-element-da29a1a sc_fly_static elementor-widget elementor-widget-text-editor\" data-id=\"da29a1a\" data-element_type=\"widget\" data-e-type=\"widget\" data-widget_type=\"text-editor.default\">\n\t\t\t\t<div class=\"elementor-widget-container\">\n\t\t\t\t\t\t\t\t\t<div><div>A Pol\u00edtica de Cookies definida abaixo tem como objetivo descrever as pr\u00e1ticas que seguimos para respeitar a privacidade de todos os visitantes do nosso site.<\/div><div>Nessa pol\u00edtica, as informa\u00e7\u00f5es pessoais significam dados relacionados a um indiv\u00edduo e que identificam esse indiv\u00edduo, direta ou indiretamente, como seu nome ou suas informa\u00e7\u00f5es de contato.<\/div><div>Se voc\u00ea tiver alguma d\u00favida sobre o processamento de suas informa\u00e7\u00f5es pessoais em nosso site\u00a0<a href=\"https:\/\/www.menezeslogistics.com.br\/\" target=\"_blank\" rel=\"noopener noreferrer\">https:\/\/www.menezeslogistics.com.br<\/a> entre em contato conosco enviando um e-mail para o seguinte endere\u00e7o eletr\u00f4nico:\u00a0<a href=\"http:\/\/mailto:elvis@menezeslogistics.com.br\/\" target=\"_blank\" rel=\"noopener noreferrer\">elvis@menezeslogistics.com.br<\/a>.<\/div><div>Nosso site usa cookies para melhorar o desempenho e aprimorar a sua experi\u00eancia de navega\u00e7\u00e3o. Certas \u00e1reas do Nosso Site tamb\u00e9m utilizam cookies para entender mais sobre voc\u00ea, de modo que possamos oferecer uma experi\u00eancia de navega\u00e7\u00e3o mais personalizada.<\/div><div>\u00a0<\/div><div>\u00a0<\/div><div><strong>1. O que \u00e9 um Cookie?<\/strong><\/div><div>\u00a0<\/div><div>Um cookie \u00e9 uma tecnologia que permite ao nosso site armazenar tokens de informa\u00e7\u00e3o (um \u2018identificador\u2019) no seu navegador, usados apenas pelo nosso site. Os cookies n\u00e3o s\u00e3o usados para determinar a identidade pessoal de quem est\u00e1 apenas visitando nosso site. Eles servem para nos ajudar a rastrear padr\u00f5es de tr\u00e1fego, para determinar a localiza\u00e7\u00e3o e o idioma preferidos de um usu\u00e1rio, para que possamos direcion\u00e1-los para a p\u00e1gina inicial do pa\u00eds correta quando visitarem o nosso site. Esses cookies s\u00e3o definidos por n\u00f3s e chamados de cookies de primeira parte.<\/div><div>Em determinadas p\u00e1ginas do nosso site, os cookies s\u00e3o usados a fim de rastrear seus interesses enquanto voc\u00ea navega na Internet. Isso nos permite personalizar mais an\u00fancios relevantes e entender o que \u00e9 importante para voc\u00ea.<\/div><div>Tamb\u00e9m usamos cookies de terceiros \u2013 que s\u00e3o cookies de um dom\u00ednio diferente do dom\u00ednio do nosso site \u2013 para nossos esfor\u00e7os de publicidade e marketing.<\/div><div>\u00a0<\/div><div>\u00a0<\/div><div><strong>2. Como Desabilitar os Cookies?<\/strong><\/div><div>\u00a0<\/div><div>Se voc\u00ea n\u00e3o deseja receber um cookie do nosso site, voc\u00ea tem v\u00e1rias op\u00e7\u00f5es, como optar por n\u00e3o os receber ou desativando aqueles que teriam sido instalados no seu terminal. Voc\u00ea pode fazer a escolha a qualquer momento para expressar e modificar seus desejos com rela\u00e7\u00e3o aos cookies, pelos meios descritos abaixo.<\/div><div>De fato, se a maioria dos navegadores \u00e9 configurada por padr\u00e3o e aceita a instala\u00e7\u00e3o de cookies. No entanto, voc\u00ea tem a op\u00e7\u00e3o, se desejar, de aceitar todos os cookies ou optar por n\u00e3o os receber sistematicamente.<\/div><div>Voc\u00ea tamb\u00e9m pode configurar seu navegador para aceitar ou excluir cookies antes de eles serem instalados conforme o caso. Voc\u00ea tamb\u00e9m pode remover regularmente os cookies do seu terminal atrav\u00e9s do seu navegador. Contudo, esteja ciente de que, se voc\u00ea desabilitar os \u201ccookies\u201d no seu navegador, n\u00e3o poder\u00e1 experimentar completamente algumas de nossas p\u00e1ginas. Por exemplo, voc\u00ea n\u00e3o poder\u00e1 se beneficiar do login autom\u00e1tico e de outros recursos de personaliza\u00e7\u00e3o do nosso site.<\/div><div>Lembre-se de que voc\u00ea n\u00e3o deve esquecer de configurar todos os navegadores de seus terminais diferentes (tablets, smartphones, computadores, entre outros).<\/div><div>Para o gerenciamento de cookies e escolhas, os meios para configurar cada navegador s\u00e3o diferentes. Eles est\u00e3o descritos na se\u00e7\u00e3o Ajuda do navegador, que permitir\u00e1 que voc\u00ea saiba como alterar suas prefer\u00eancias de cookies.<\/div><div>\u00a0<\/div><div>Especialmente, em rela\u00e7\u00e3o aos cookies de medi\u00e7\u00e3o de p\u00fablico, voc\u00ea tamb\u00e9m pode desativ\u00e1-los da seguinte maneira:<\/div><ul><li>Para mais informa\u00e7\u00f5es sobre a configura\u00e7\u00e3o de cookies:\u00a0<a href=\"http:\/\/www.aboutcookies.org\/\" target=\"_blank\" rel=\"noopener noreferrer\">http:\/\/www.aboutcookies.org\/<\/a>;<\/li><li>Para os cookies do \u201cGoogle Analytics\u201d, voc\u00ea pode fazer o download do m\u00f3dulo acess\u00edvel a partir do endere\u00e7o a seguir para desativar esses cookies:\u00a0<a href=\"https:\/\/tools.google.com\/dlpage\/gaoptout\/\" target=\"_blank\" rel=\"noopener noreferrer\">https:\/\/tools.google.com\/dlpage\/gaoptout\/<\/a>;<\/li><li>Para o Internet Explorer\u2122:\u00a0<a href=\"https:\/\/support.microsoft.com\/pt-br\/topic\/excluir-e-gerenciar-cookies-168dab11-0753-043d-7c16-ede5947fc64d\" target=\"_blank\" rel=\"noopener noreferrer\">https:\/\/support.microsoft.com\/pt-br\/topic\/excluir-e-gerenciar-cookies-168dab11-0753-043d-7c16-ede5947fc64d<\/a>;<\/li><li>Para o Safari\u2122:\u00a0<a href=\"https:\/\/support.apple.com\/pt-br\/HT201265\" target=\"_blank\" rel=\"noopener noreferrer\">https:\/\/support.apple.com\/pt-br\/HT201265<\/a>;<\/li><li>Para o Chrome\u2122:\u00a0<a href=\"https:\/\/support.google.com\/chrome\/answer\/95647?hl=pt\" target=\"_blank\" rel=\"noopener noreferrer\">https:\/\/support.google.com\/chrome\/answer\/95647?hl=pt<\/a>;<\/li><li>Para o Firefox\u2122:\u00a0<a href=\"https:\/\/support.mozilla.org\/pt-BR\/kb\/protecao-aprimorada-contra-rastreamento-firefox-desktop?redirectslug=ative-desative-cookies-sites-rastrear-preferencias&amp;redirectlocale=pt-BR\" target=\"_blank\" rel=\"noopener noreferrer\">https:\/\/support.mozilla.org\/pt-BR\/kb\/protecao-aprimorada-contra-rastreamento-firefox-desktop?redirectslug=ative-desative-cookies-sites-rastrear-preferencias&amp;redirectlocale=pt-BR<\/a>;<\/li><li>Para o Opera\u2122:\u00a0<a href=\"https:\/\/help.opera.com\/pt-br\/latest\/web-preferences\/#cookies\" target=\"_blank\" rel=\"noopener noreferrer\">https:\/\/help.opera.com\/pt-br\/latest\/web-preferences\/#cookies<\/a>.<\/li><\/ul><div>\u00a0<\/div><div>\u00a0<\/div><div><strong>3. Quais Cookies Utilizamos?<\/strong><\/div><div>\u00a0<\/div><div>Mais especificamente, usamos cookies e outras tecnologias de rastreamento para os seguintes fins:<\/div><ul><li>Cookies Essenciais\/Estritamente Necess\u00e1rios;<\/li><li>Cookies Funcionais.<\/li><\/ul><div>\u00a0<\/div><div>Cookies Essenciais\/Estritamente Necess\u00e1rios:<\/div><div>Alguns cookies que usamos s\u00e3o essenciais para o funcionamento do nosso site. Eles geralmente s\u00e3o definidos apenas em resposta a a\u00e7\u00f5es feitas por voc\u00ea, o que equivale a uma solicita\u00e7\u00e3o de servi\u00e7os, como definir suas prefer\u00eancias de privacidade, efetuar login ou preencher formul\u00e1rios. Voc\u00ea pode configurar seu navegador para bloque\u00e1-los ou alert\u00e1-lo sobre esses cookies, mas algumas partes do site podem n\u00e3o funcionar.<\/div><div>\u00a0<\/div><div>Cookies Funcionais:<\/div><div>Alguns cookies nos ajudam a lembrar de suas configura\u00e7\u00f5es que voc\u00ea pode ter selecionado, ou ajudam com outras funcionalidades quando voc\u00ea navega e usa o nosso Site. Isso nos ajuda a lembrar o que voc\u00ea selecionou, ent\u00e3o, quando voc\u00ea retorna, nos lembramos de suas prefer\u00eancias.<\/div><div>Esses cookies permitem o fornecimento de funcionalidade e personaliza\u00e7\u00e3o aprimoradas. Eles podem ser definidos por n\u00f3s ou por provedores terceiros cujos servi\u00e7os adicionamos \u00e0s nossas p\u00e1ginas. Se voc\u00ea n\u00e3o permitir esses cookies, algumas ou todas essas funcionalidades podem n\u00e3o funcionar corretamente.<\/div><div>\u00a0<\/div><div>\u00a0<\/div><div><strong>4. Altera\u00e7\u00f5es nesta Pol\u00edtica de Cookies<\/strong><\/div><div>\u00a0<\/div><div>A\u00a0<strong>Andressa Menezes Belizarro<\/strong>\u00a0nome fantasia\u00a0<strong>Menezes Logistics<\/strong>\u00a0pode alterar esta declara\u00e7\u00e3o de pol\u00edtica de cookies conforme necess\u00e1rio. Se forem feitas altera\u00e7\u00f5es na pol\u00edtica, observe que pode levar at\u00e9 30 dias \u00fateis para que novas pr\u00e1ticas de privacidade sejam implementadas. Verifique esta p\u00e1gina periodicamente se voc\u00ea quiser monitorar as altera\u00e7\u00f5es.<\/div><div>\u00a0<\/div><div>\u00a0<\/div><div><strong>5. Entre em Contato<\/strong><\/div><div>\u00a0<\/div><div>Se voc\u00ea tiver d\u00favidas ou considerar que suas preocupa\u00e7\u00f5es n\u00e3o foram tratadas nesta Pol\u00edtica de Cookies, entre em contato enviando um e-mail para o seguinte endere\u00e7o de e-mail:\u00a0<a href=\"http:\/\/mailto:elvis@menezeslogistics.com.br\/\" target=\"_blank\" rel=\"noopener noreferrer\">elvis@menezeslogistics.com.br<\/a>.<\/div><\/div>\t\t\t\t\t\t\t\t<\/div>\n\t\t\t\t<\/div>\n\t\t\t\t\t<\/div>\n\t\t<\/div>\n\t\t\t\t\t<\/div>\n\t\t<\/section>\n\t\t\t\t<section class=\"elementor-section elementor-top-section elementor-element elementor-element-43d001a elementor-section-boxed elementor-section-height-default elementor-section-height-default sc_fly_static\" data-id=\"43d001a\" data-element_type=\"section\" data-e-type=\"section\">\n\t\t\t\t\t\t<div class=\"elementor-container elementor-column-gap-extended\">\n\t\t\t\t\t<div class=\"elementor-column elementor-col-100 elementor-top-column elementor-element elementor-element-a416292 sc_content_align_inherit sc_layouts_column_icons_position_left sc_fly_static\" data-id=\"a416292\" data-element_type=\"column\" data-e-type=\"column\">\n\t\t\t<div class=\"elementor-widget-wrap elementor-element-populated\">\n\t\t\t\t\t\t<section class=\"elementor-section elementor-inner-section elementor-element elementor-element-6143d90 elementor-section-boxed elementor-section-height-default elementor-section-height-default sc_fly_static\" data-id=\"6143d90\" data-element_type=\"section\" data-e-type=\"section\">\n\t\t\t\t\t\t<div class=\"elementor-container elementor-column-gap-no\">\n\t\t\t\t\t<div class=\"elementor-column elementor-col-100 elementor-inner-column elementor-element elementor-element-7105476 sc_content_align_inherit sc_layouts_column_icons_position_left sc_fly_static\" data-id=\"7105476\" data-element_type=\"column\" data-e-type=\"column\">\n\t\t\t<div class=\"elementor-widget-wrap elementor-element-populated\">\n\t\t\t\t\t\t<div class=\"elementor-element elementor-element-c4e7bfa sc_height_medium sc_fly_static elementor-widget elementor-widget-spacer\" data-id=\"c4e7bfa\" data-element_type=\"widget\" data-e-type=\"widget\" data-widget_type=\"spacer.default\">\n\t\t\t\t<div class=\"elementor-widget-container\">\n\t\t\t\t\t\t\t<div class=\"elementor-spacer\">\n\t\t\t<div class=\"elementor-spacer-inner\"><\/div>\n\t\t<\/div>\n\t\t\t\t\t\t<\/div>\n\t\t\t\t<\/div>\n\t\t\t\t<div class=\"elementor-element elementor-element-7f15299 sc_height_medium sc_fly_static elementor-widget elementor-widget-spacer\" data-id=\"7f15299\" data-element_type=\"widget\" data-e-type=\"widget\" data-widget_type=\"spacer.default\">\n\t\t\t\t<div class=\"elementor-widget-container\">\n\t\t\t\t\t\t\t<div class=\"elementor-spacer\">\n\t\t\t<div class=\"elementor-spacer-inner\"><\/div>\n\t\t<\/div>\n\t\t\t\t\t\t<\/div>\n\t\t\t\t<\/div>\n\t\t\t\t\t<\/div>\n\t\t<\/div>\n\t\t\t\t\t<\/div>\n\t\t<\/section>\n\t\t\t\t\t<\/div>\n\t\t<\/div>\n\t\t\t\t\t<\/div>\n\t\t<\/section>\n\t\t\t\t<\/div>","protected":false},"excerpt":{"rendered":"<p>A Pol\u00edtica de Cookies definida abaixo tem como objetivo descrever as pr\u00e1ticas que seguimos para respeitar a privacidade de todos os visitantes do nosso site.Nessa pol\u00edtica, as informa\u00e7\u00f5es pessoais significam&hellip;<\/p>","protected":false},"author":1,"featured_media":0,"parent":0,"menu_order":0,"comment_status":"closed","ping_status":"closed","template":"elementor_header_footer","meta":{"footnotes":""},"class_list":["post-20332","page","type-page","status-publish","hentry"],"_links":{"self":[{"href":"https:\/\/menezes.unielo.com.br\/en\/wp-json\/wp\/v2\/pages\/20332","targetHints":{"allow":["GET"]}}],"collection":[{"href":"https:\/\/menezes.unielo.com.br\/en\/wp-json\/wp\/v2\/pages"}],"about":[{"href":"https:\/\/menezes.unielo.com.br\/en\/wp-json\/wp\/v2\/types\/page"}],"author":[{"embeddable":true,"href":"https:\/\/menezes.unielo.com.br\/en\/wp-json\/wp\/v2\/users\/1"}],"replies":[{"embeddable":true,"href":"https:\/\/menezes.unielo.com.br\/en\/wp-json\/wp\/v2\/comments?post=20332"}],"version-history":[{"count":22,"href":"https:\/\/menezes.unielo.com.br\/en\/wp-json\/wp\/v2\/pages\/20332\/revisions"}],"predecessor-version":[{"id":20903,"href":"https:\/\/menezes.unielo.com.br\/en\/wp-json\/wp\/v2\/pages\/20332\/revisions\/20903"}],"wp:attachment":[{"href":"https:\/\/menezes.unielo.com.br\/en\/wp-json\/wp\/v2\/media?parent=20332"}],"curies":[{"name":"wp","href":"https:\/\/api.w.org\/{rel}","templated":true}]}}